{"id":4688,"date":"2025-02-03T10:16:33","date_gmt":"2025-02-03T10:16:33","guid":{"rendered":"https:\/\/polyhedralabs.eu\/?page_id=4688"},"modified":"2025-02-03T10:28:19","modified_gmt":"2025-02-03T10:28:19","slug":"impressum","status":"publish","type":"page","link":"https:\/\/polyhedralabs.eu\/en\/impressum\/","title":{"rendered":"Imprint"},"content":{"rendered":"<div style=\"height:17px\" aria-hidden=\"true\" class=\"wp-block-spacer\"><\/div>\n\n\n\n<h3 class=\"wp-block-heading\"><strong>Polyhedra Labs<\/strong><\/h3>\n\n\n\n<p><strong>Media owner, editor and responsible for content:<\/strong><\/p>\n\n\n\n<p>Polyhedra Labs gUG (haftungsbeschr\u00e4nkt)<br>Geschwister-Scholl-Stra\u00dfe 51<br>D-14471 Potsdam<\/p>\n\n\n\n<p>Website:<a href=\"https:\/\/labs.polyhedra.eu\"> polyhedralabs.eu\/<\/a><\/p>\n\n\n\n<p>For further information contact us here:<a href=\"https:\/\/labs.polyhedra.eu\/contact\/\"> <\/a><a href=\"https:\/\/polyhedralabs.eu\/en\/kontakt\/\">https:\/\/polyhedralabs.eu\/kontakt\/<\/a> <\/p>\n\n\n\n<p>Management:<\/p>\n\n\n\n<div style=\"height:50px\" aria-hidden=\"true\" class=\"wp-block-spacer\"><\/div>\n\n\n\n<h3 class=\"wp-block-heading\"><strong>Disclaimer:<\/strong><\/h3>\n\n\n\n<p>Polyhedra Labs gUG (haftungsbeschr\u00e4nkt) tries to ensure that all content of the website is accurate. However, the organization can not guarantee that site content will always be up to date, accurate or complete. All information is subject to change. All rights reserved. Requests to republish any material may be addressed to <strong>esmart.farm@gmail.com<\/strong>. Responsibility for content from other web links lies with the respective websites.<\/p>\n\n\n\n<p>Polyhedra Labs gUG (haftungsbeschr\u00e4nkt) is a legal non-profit entity set up and registered according to the laws of the Republic of Germany.<\/p>\n\n\n\n<p>Registration Court: Amtsgericht Potsdam<br>Registration number: HRB 35182 P<br>Tax number:  046\/125\/02639<br>EU VAT number:  DE343674326<\/p>\n\n\n\n<div style=\"height:50px\" aria-hidden=\"true\" class=\"wp-block-spacer\"><\/div>\n\n\n\n<h3 class=\"wp-block-heading\"><strong>Non-profit Status<\/strong>:<\/h3>\n\n\n\n<p>Polyhedra Labs gUG (haftungsbeschr\u00e4nkt) is recognised as a non-profit by the tax authorities I of Berlin by a decision made in 2021.<br>Its purpose is the promotion of science, research and education in the field of ecology and natural sciences with emphasis on developments in the field of agriculture and nutrition. The purpose is achieved by the realization of scientific events, advanced training and information events as well as the realization of scientific research projects and studies, publication (online or on paper) of scientific publications and the awarding of research contracts.<\/p>\n\n\n\n<div style=\"height:50px\" aria-hidden=\"true\" class=\"wp-block-spacer\"><\/div>\n\n\n\n<h3 class=\"wp-block-heading\"><strong>Copyright and Trademark Law<\/strong><\/h3>\n\n\n\n<p>The contents of this website are protected by copyright. Without express written permission from Polyhedra Labs gUG (haftungsbeschr\u00e4nkt), the content of this site may not be reproduced in any form or processed, duplicated or distributed using electronic systems, unless the copyright law expressly permits.<\/p>\n\n\n\n<p>The images and photos used on the website either come from the company\u2019s image library of Polyhedra Labs gUG (haftungsbeschr\u00e4nkt) or are free-licensed images.<\/p>\n\n\n\n<p>All brand names and trademarks mentioned on this website are subject without restriction to the provisions of the applicable labelling law and, where applicable, the ownership rights of the respective registered owners.<\/p>\n\n\n\n<div style=\"height:88px\" aria-hidden=\"true\" class=\"wp-block-spacer\"><\/div>","protected":false},"excerpt":{"rendered":"<p>Polyhedra Labs Medieninhaber, Herausgeber und verantwortlich f\u00fcr den Inhalt: Polyhedra Labs gUG (haftungsbeschr\u00e4nkt)Geschwister-Scholl-Stra\u00dfe 51D-14471 Potsdam Internet: polyhedralabs.eu\/ F\u00fcr weitere Informationen kontaktieren Sie uns hier: https:\/\/polyhedralabs.eu\/kontakt\/ Gesch\u00e4ftsf\u00fchrung: Rodrigo Perez Garcia Haftungsausschluss: Polyhedra Labs gUG (haftungsbeschr\u00e4nkt) bem\u00fcht sich, sicherzustellen, dass die Inhalte der Website korrekt sind. Die Organisation kann jedoch nicht garantieren, dass&hellip;<\/p>","protected":false},"author":1,"featured_media":0,"parent":0,"menu_order":0,"comment_status":"closed","ping_status":"open","template":"","meta":{"_acf_changed":false,"give_campaign_id":0,"_bbp_topic_count":0,"_bbp_reply_count":0,"_bbp_total_topic_count":0,"_bbp_total_reply_count":0,"_bbp_voice_count":0,"_bbp_anonymous_reply_count":0,"_bbp_topic_count_hidden":0,"_bbp_reply_count_hidden":0,"_bbp_forum_subforum_count":0,"pmpro_default_level":"","footnotes":""},"class_list":["post-4688","page","type-page","status-publish","hentry","pmpro-has-access"],"acf":[],"campaignId":"","_links":{"self":[{"href":"https:\/\/polyhedralabs.eu\/en\/wp-json\/wp\/v2\/pages\/4688","targetHints":{"allow":["GET"]}}],"collection":[{"href":"https:\/\/polyhedralabs.eu\/en\/wp-json\/wp\/v2\/pages"}],"about":[{"href":"https:\/\/polyhedralabs.eu\/en\/wp-json\/wp\/v2\/types\/page"}],"author":[{"embeddable":true,"href":"https:\/\/polyhedralabs.eu\/en\/wp-json\/wp\/v2\/users\/1"}],"replies":[{"embeddable":true,"href":"https:\/\/polyhedralabs.eu\/en\/wp-json\/wp\/v2\/comments?post=4688"}],"version-history":[{"count":6,"href":"https:\/\/polyhedralabs.eu\/en\/wp-json\/wp\/v2\/pages\/4688\/revisions"}],"predecessor-version":[{"id":4695,"href":"https:\/\/polyhedralabs.eu\/en\/wp-json\/wp\/v2\/pages\/4688\/revisions\/4695"}],"wp:attachment":[{"href":"https:\/\/polyhedralabs.eu\/en\/wp-json\/wp\/v2\/media?parent=4688"}],"curies":[{"name":"wp","href":"https:\/\/api.w.org\/{rel}","templated":true}]}}