{"id":4428,"date":"2024-12-17T12:24:31","date_gmt":"2024-12-17T12:24:31","guid":{"rendered":"https:\/\/polyhedralabs.eu\/?page_id=4428"},"modified":"2024-12-17T12:28:54","modified_gmt":"2024-12-17T12:28:54","slug":"vision","status":"publish","type":"page","link":"https:\/\/polyhedralabs.eu\/en\/vision\/","title":{"rendered":"Vision"},"content":{"rendered":"<div data-elementor-type=\"wp-page\" data-elementor-id=\"4428\" class=\"elementor elementor-4428\">\n\t\t\t\t<div class=\"elementor-element elementor-element-1062856 e-flex e-con-boxed lakit-col-width-auto-no e-container e-root-container elementor-top-section e-con e-parent\" data-id=\"1062856\" data-element_type=\"container\" data-settings=\"{&quot;background_background&quot;:&quot;classic&quot;,&quot;background_motion_fx_motion_fx_scrolling&quot;:&quot;yes&quot;,&quot;background_motion_fx_translateY_effect&quot;:&quot;yes&quot;,&quot;background_motion_fx_devices&quot;:[&quot;tablet&quot;,&quot;laptop&quot;,&quot;desktop&quot;],&quot;background_motion_fx_translateY_speed&quot;:{&quot;unit&quot;:&quot;px&quot;,&quot;size&quot;:3,&quot;sizes&quot;:[]},&quot;background_motion_fx_translateY_affectedRange&quot;:{&quot;unit&quot;:&quot;%&quot;,&quot;size&quot;:&quot;&quot;,&quot;sizes&quot;:{&quot;start&quot;:20,&quot;end&quot;:80}}}\">\n\t\t\t\t\t<div class=\"e-con-inner\">\n\t\t\t\t<div class=\"elementor-element elementor-element-46abe3c elementor-widget elementor-widget-heading\" data-id=\"46abe3c\" data-element_type=\"widget\" data-widget_type=\"heading.default\">\n\t\t\t\t<div class=\"elementor-widget-container\">\n\t\t\t\t\t<h1 class=\"elementor-heading-title elementor-size-default\">Vision\n\n\n\n\n\n<\/h1>\t\t\t\t<\/div>\n\t\t\t\t<\/div>\n\t\t\t\t<div class=\"elementor-element elementor-element-05656ca elementor-widget-divider--view-line elementor-widget elementor-widget-divider\" data-id=\"05656ca\" data-element_type=\"widget\" data-widget_type=\"divider.default\">\n\t\t\t\t<div class=\"elementor-widget-container\">\n\t\t\t\t\t\t\t<div class=\"elementor-divider\">\n\t\t\t<span class=\"elementor-divider-separator\">\n\t\t\t\t\t\t<\/span>\n\t\t<\/div>\n\t\t\t\t\t\t<\/div>\n\t\t\t\t<\/div>\n\t\t\t\t<div class=\"elementor-element elementor-element-771bda6 elementor-hidden-desktop elementor-hidden-laptop elementor-hidden-tablet elementor-hidden-mobile_extra elementor-hidden-mobile elementor-widget elementor-widget-text-editor\" data-id=\"771bda6\" data-element_type=\"widget\" data-widget_type=\"text-editor.default\">\n\t\t\t\t<div class=\"elementor-widget-container\">\n\t\t\t\t\t\t\t\t\tMi in nulla posuere sollicitudin aliquam ultrices sagittis orci. Facilisis magna etiam tempor orci. Ac felis donec et odio. At in tellus integer\t\t\t\t\t\t\t\t<\/div>\n\t\t\t\t<\/div>\n\t\t\t\t\t<\/div>\n\t\t\t\t<\/div>\n\t\t<div class=\"elementor-element elementor-element-7a9429e e-flex e-con-boxed lakit-col-width-auto-no e-container e-root-container elementor-top-section e-con e-parent\" data-id=\"7a9429e\" data-element_type=\"container\">\n\t\t\t\t\t<div class=\"e-con-inner\">\n\t\t<div class=\"elementor-element elementor-element-0813d27 e-con-full e-flex lakit-col-width-auto-no e-container e-con e-child\" data-id=\"0813d27\" data-element_type=\"container\">\n\t\t\t\t<div class=\"elementor-element elementor-element-2015dbb elementor-widget elementor-widget-heading\" data-id=\"2015dbb\" data-element_type=\"widget\" data-widget_type=\"heading.default\">\n\t\t\t\t<div class=\"elementor-widget-container\">\n\t\t\t\t\t<h2 class=\"elementor-heading-title elementor-size-default\">Our Vision\n\n\n\n\n\n\n<\/h2>\t\t\t\t<\/div>\n\t\t\t\t<\/div>\n\t\t\t\t<div class=\"elementor-element elementor-element-65668f2 elementor-widget elementor-widget-text-editor\" data-id=\"65668f2\" data-element_type=\"widget\" data-widget_type=\"text-editor.default\">\n\t\t\t\t<div class=\"elementor-widget-container\">\n\t\t\t\t\t\t\t\t\t<p>eSMART is an ambitious <a href=\"https:\/\/polyhedralabs.eu\/en\/about-us\/\">project<\/a>, that brings together <strong>vertical farming standardisation, food, health, transgenerational heritage and education<\/strong>. It also includes new practices for Research and Innovation where citizens become co-researchers and change-makers.<\/p><p>The long term vision is to create spaces for transdisciplinary and cross-disciplinary innovation, from a local perspective.\nIt develops around various SDGs -such as health care, youth employment, food security, environmental justice and gender equity-. This operational model will be scaled and analysed in other European countries.<\/p><p>Modular\/Nomadic Greenhouse Systems<\/p><p><img fetchpriority=\"high\" decoding=\"async\" class=\"alignnone size-full wp-image-4434\" src=\"https:\/\/polyhedralabs.eu\/wp-content\/uploads\/2024\/12\/Modular-Greenhouse-System-Infographic.jpg\" alt=\"\" width=\"960\" height=\"540\" \/><\/p><div class=\"wp-caption alignnone\"><p class=\"wp-caption-text\">From: <a href=\"http:\/\/www.opensourceecology.org\/\" target=\"_blank\" rel=\"noopener\">opensourceecology.org\u00a0<\/a><\/p><\/div><p>The peri-urban areas of many European cities can thus become a place of meeting, reflection and project development. The project, therefore, has a logic of territory that does not only concern an urban centre\/capital of a region but also fosters dialogue with many small towns with the typical criticalities of the small centres of inner territories.<\/p>\t\t\t\t\t\t\t\t<\/div>\n\t\t\t\t<\/div>\n\t\t\t\t<\/div>\n\t\t\t\t\t<\/div>\n\t\t\t\t<\/div>\n\t\t\t\t<\/div>","protected":false},"excerpt":{"rendered":"<p>Vision Unsere Vision eSMART ist ein ehrgeiziges Projekt, das die Standardisierung von vertikalen Landwirtschaftssystemen, Nahrung, Gesundheit, transgenerationelles Erbe und Bildung vereint. Es umfasst auch neue Praktiken f\u00fcr Forschung und Innovation, bei denen B\u00fcrger zu Mitforschern und Ver\u00e4nderungstreibern werden. Die langfristige Vision ist es, R\u00e4ume f\u00fcr transdisziplin\u00e4re und interdisziplin\u00e4re Innovation zu schaffen,&hellip;<\/p>","protected":false},"author":1,"featured_media":0,"parent":0,"menu_order":0,"comment_status":"closed","ping_status":"closed","template":"","meta":{"_acf_changed":false,"give_campaign_id":0,"_bbp_topic_count":0,"_bbp_reply_count":0,"_bbp_total_topic_count":0,"_bbp_total_reply_count":0,"_bbp_voice_count":0,"_bbp_anonymous_reply_count":0,"_bbp_topic_count_hidden":0,"_bbp_reply_count_hidden":0,"_bbp_forum_subforum_count":0,"pmpro_default_level":"","footnotes":""},"class_list":["post-4428","page","type-page","status-publish","hentry","pmpro-has-access"],"acf":[],"campaignId":"","_links":{"self":[{"href":"https:\/\/polyhedralabs.eu\/en\/wp-json\/wp\/v2\/pages\/4428","targetHints":{"allow":["GET"]}}],"collection":[{"href":"https:\/\/polyhedralabs.eu\/en\/wp-json\/wp\/v2\/pages"}],"about":[{"href":"https:\/\/polyhedralabs.eu\/en\/wp-json\/wp\/v2\/types\/page"}],"author":[{"embeddable":true,"href":"https:\/\/polyhedralabs.eu\/en\/wp-json\/wp\/v2\/users\/1"}],"replies":[{"embeddable":true,"href":"https:\/\/polyhedralabs.eu\/en\/wp-json\/wp\/v2\/comments?post=4428"}],"version-history":[{"count":10,"href":"https:\/\/polyhedralabs.eu\/en\/wp-json\/wp\/v2\/pages\/4428\/revisions"}],"predecessor-version":[{"id":4445,"href":"https:\/\/polyhedralabs.eu\/en\/wp-json\/wp\/v2\/pages\/4428\/revisions\/4445"}],"wp:attachment":[{"href":"https:\/\/polyhedralabs.eu\/en\/wp-json\/wp\/v2\/media?parent=4428"}],"curies":[{"name":"wp","href":"https:\/\/api.w.org\/{rel}","templated":true}]}}