{"id":4417,"date":"2024-12-17T12:17:15","date_gmt":"2024-12-17T12:17:15","guid":{"rendered":"https:\/\/polyhedralabs.eu\/?page_id=4417"},"modified":"2024-12-17T12:21:49","modified_gmt":"2024-12-17T12:21:49","slug":"verpflichtungen-ecp","status":"publish","type":"page","link":"https:\/\/polyhedralabs.eu\/en\/verpflichtungen-ecp\/","title":{"rendered":"Pledges \u2013 ECP"},"content":{"rendered":"<div data-elementor-type=\"wp-page\" data-elementor-id=\"4417\" class=\"elementor elementor-4417\">\n\t\t\t\t<div class=\"elementor-element elementor-element-1062856 e-flex e-con-boxed lakit-col-width-auto-no e-container e-root-container elementor-top-section e-con e-parent\" data-id=\"1062856\" data-element_type=\"container\" data-settings=\"{&quot;background_background&quot;:&quot;classic&quot;,&quot;background_motion_fx_motion_fx_scrolling&quot;:&quot;yes&quot;,&quot;background_motion_fx_translateY_effect&quot;:&quot;yes&quot;,&quot;background_motion_fx_devices&quot;:[&quot;tablet&quot;,&quot;laptop&quot;,&quot;desktop&quot;],&quot;background_motion_fx_translateY_speed&quot;:{&quot;unit&quot;:&quot;px&quot;,&quot;size&quot;:3,&quot;sizes&quot;:[]},&quot;background_motion_fx_translateY_affectedRange&quot;:{&quot;unit&quot;:&quot;%&quot;,&quot;size&quot;:&quot;&quot;,&quot;sizes&quot;:{&quot;start&quot;:20,&quot;end&quot;:80}}}\">\n\t\t\t\t\t<div class=\"e-con-inner\">\n\t\t\t\t<div class=\"elementor-element elementor-element-46abe3c elementor-widget elementor-widget-heading\" data-id=\"46abe3c\" data-element_type=\"widget\" data-widget_type=\"heading.default\">\n\t\t\t\t<div class=\"elementor-widget-container\">\n\t\t\t\t\t<h1 class=\"elementor-heading-title elementor-size-default\">Pledges \u2013 ECP\n\n\n\n\n\n\n\n\n\n\n\n\n<\/h1>\t\t\t\t<\/div>\n\t\t\t\t<\/div>\n\t\t\t\t<div class=\"elementor-element elementor-element-05656ca elementor-widget-divider--view-line elementor-widget elementor-widget-divider\" data-id=\"05656ca\" data-element_type=\"widget\" data-widget_type=\"divider.default\">\n\t\t\t\t<div class=\"elementor-widget-container\">\n\t\t\t\t\t\t\t<div class=\"elementor-divider\">\n\t\t\t<span class=\"elementor-divider-separator\">\n\t\t\t\t\t\t<\/span>\n\t\t<\/div>\n\t\t\t\t\t\t<\/div>\n\t\t\t\t<\/div>\n\t\t\t\t<div class=\"elementor-element elementor-element-771bda6 elementor-hidden-desktop elementor-hidden-laptop elementor-hidden-tablet elementor-hidden-mobile_extra elementor-hidden-mobile elementor-widget elementor-widget-text-editor\" data-id=\"771bda6\" data-element_type=\"widget\" data-widget_type=\"text-editor.default\">\n\t\t\t\t<div class=\"elementor-widget-container\">\n\t\t\t\t\t\t\t\t\tMi in nulla posuere sollicitudin aliquam ultrices sagittis orci. Facilisis magna etiam tempor orci. Ac felis donec et odio. At in tellus integer\t\t\t\t\t\t\t\t<\/div>\n\t\t\t\t<\/div>\n\t\t\t\t\t<\/div>\n\t\t\t\t<\/div>\n\t\t<div class=\"elementor-element elementor-element-7a9429e e-flex e-con-boxed lakit-col-width-auto-no e-container e-root-container elementor-top-section e-con e-parent\" data-id=\"7a9429e\" data-element_type=\"container\">\n\t\t\t\t\t<div class=\"e-con-inner\">\n\t\t<div class=\"elementor-element elementor-element-0813d27 e-con-full e-flex lakit-col-width-auto-no e-container e-con e-child\" data-id=\"0813d27\" data-element_type=\"container\">\n\t\t\t\t<div class=\"elementor-element elementor-element-2015dbb elementor-widget elementor-widget-heading\" data-id=\"2015dbb\" data-element_type=\"widget\" data-widget_type=\"heading.default\">\n\t\t\t\t<div class=\"elementor-widget-container\">\n\t\t\t\t\t<h2 class=\"elementor-heading-title elementor-size-default\">Pledges \u2013 ECP\n\n\n\n\n\n\n\n\n\n\n\n\n<\/h2>\t\t\t\t<\/div>\n\t\t\t\t<\/div>\n\t\t\t\t<div class=\"elementor-element elementor-element-65668f2 elementor-widget elementor-widget-text-editor\" data-id=\"65668f2\" data-element_type=\"widget\" data-widget_type=\"text-editor.default\">\n\t\t\t\t<div class=\"elementor-widget-container\">\n\t\t\t\t\t\t\t\t\t<p><strong>Polyhedra Labs and other stakeholders in our circles are actively pushing forward activities <a href=\"https:\/\/climate.ec.europa.eu\/eu-action\/european-green-deal\/2030-climate-target-plan_en\">and spreading info to achieve the<\/a> climate goals of the EU.<\/strong><\/p><p>Some of the activities are:<\/p><p>\u2013 <strong>Interdisciplinary planting trees activity<\/strong> with scientists and artists of Berlin-Brandenburg (for the 3 Billion Trees Pledge). 27 Oct 2021. <strong>10 trees<\/strong> were successfully planted and protected.<br \/>(including 5 periodic visits for watering during the first months)<\/p><p><img fetchpriority=\"high\" decoding=\"async\" class=\"wp-image-4419 aligncenter\" src=\"https:\/\/polyhedralabs.eu\/wp-content\/uploads\/2024\/12\/20221205_093540-576x1024-1.jpg\" alt=\"\" width=\"233\" height=\"414\" \/><\/p><p><strong>Addendum:<\/strong> All trees are still alive and growing (01\/2022, 06\/2022 and 12\/2022)<\/p><p>\u2013 <strong>Ecosystem circularity activation day<\/strong> \u2013 mushroom inoculation in logs at Potsdam West.  13 Nov 2021 \u2013 <strong>17 logs<\/strong> (ca. 1m length and 15 cm diameter).  Artificial <strong>inoculation<\/strong> with decay <strong>fungi<\/strong> has been reported to be successful in causing decomposition in trees. These facilitate a subsequent use-increase by wildlife.<\/p><p>\u00a0<\/p><p><img decoding=\"async\" class=\"size-full wp-image-4420 aligncenter lazyload\" data-src=\"https:\/\/polyhedralabs.eu\/wp-content\/uploads\/2024\/12\/IMG_20220305_150146-768x363-1.jpg\" alt=\"\" width=\"768\" height=\"363\" src=\"data:image\/svg+xml;base64,PHN2ZyB3aWR0aD0iMSIgaGVpZ2h0PSIxIiB4bWxucz0iaHR0cDovL3d3dy53My5vcmcvMjAwMC9zdmciPjwvc3ZnPg==\" style=\"--smush-placeholder-width: 768px; --smush-placeholder-aspect-ratio: 768\/363;\" \/><\/p><p>\u00a0<\/p><p>These activities had a good acceptance. Similar actions will be repeated in the following months. The discussions on the topics increase people\u2019s awareness of ecosystems.<\/p><p><strong>OTHER<\/strong><\/p><p>\u2013 Workshops on ecosystems health and climate critical thinking \u2013 from 26.04.2022 to 12 .05.2022<br \/>\u2013 Familien Forstlauf \u2013 10.06.2022<br \/>\u2013 Forest action day. (plant recognition and wild foods cooking session) \u2013 21.6.2022<br \/>\u2013 Kinder und Natur 25 Sept 2022<\/p><p>\u00a0<\/p><p>In addition, more activities are planned with schools from Berlin.<\/p><p><em>*Polyhedra Labs cofinanced the actions<\/em><\/p>\t\t\t\t\t\t\t\t<\/div>\n\t\t\t\t<\/div>\n\t\t\t\t<\/div>\n\t\t\t\t\t<\/div>\n\t\t\t\t<\/div>\n\t\t\t\t<\/div>","protected":false},"excerpt":{"rendered":"<p>Verpflichtungen \u2013 ECP Verpflichtungen \u2013 ECP Polyhedra Labs und andere Akteure in unserem Kreis treiben aktiv Aktivit\u00e4ten voran und verbreiten Informationen, um die Klimaziele der EU zu erreichen. Einige der Aktivit\u00e4ten sind: \u2013 Interdisziplin\u00e4re Baumpflanzaktion mit Wissenschaftlern und K\u00fcnstlern aus Berlin-Brandenburg (f\u00fcr das 3-Billionen-B\u00e4ume-Versprechen). 27. Oktober 2021. 10 B\u00e4ume wurden erfolgreich&hellip;<\/p>","protected":false},"author":1,"featured_media":0,"parent":0,"menu_order":0,"comment_status":"closed","ping_status":"closed","template":"","meta":{"_acf_changed":false,"give_campaign_id":0,"_bbp_topic_count":0,"_bbp_reply_count":0,"_bbp_total_topic_count":0,"_bbp_total_reply_count":0,"_bbp_voice_count":0,"_bbp_anonymous_reply_count":0,"_bbp_topic_count_hidden":0,"_bbp_reply_count_hidden":0,"_bbp_forum_subforum_count":0,"pmpro_default_level":"","footnotes":""},"class_list":["post-4417","page","type-page","status-publish","hentry","pmpro-has-access"],"acf":[],"campaignId":"","_links":{"self":[{"href":"https:\/\/polyhedralabs.eu\/en\/wp-json\/wp\/v2\/pages\/4417","targetHints":{"allow":["GET"]}}],"collection":[{"href":"https:\/\/polyhedralabs.eu\/en\/wp-json\/wp\/v2\/pages"}],"about":[{"href":"https:\/\/polyhedralabs.eu\/en\/wp-json\/wp\/v2\/types\/page"}],"author":[{"embeddable":true,"href":"https:\/\/polyhedralabs.eu\/en\/wp-json\/wp\/v2\/users\/1"}],"replies":[{"embeddable":true,"href":"https:\/\/polyhedralabs.eu\/en\/wp-json\/wp\/v2\/comments?post=4417"}],"version-history":[{"count":4,"href":"https:\/\/polyhedralabs.eu\/en\/wp-json\/wp\/v2\/pages\/4417\/revisions"}],"predecessor-version":[{"id":4423,"href":"https:\/\/polyhedralabs.eu\/en\/wp-json\/wp\/v2\/pages\/4417\/revisions\/4423"}],"wp:attachment":[{"href":"https:\/\/polyhedralabs.eu\/en\/wp-json\/wp\/v2\/media?parent=4417"}],"curies":[{"name":"wp","href":"https:\/\/api.w.org\/{rel}","templated":true}]}}