{"id":4355,"date":"2024-12-17T12:06:03","date_gmt":"2024-12-17T12:06:03","guid":{"rendered":"https:\/\/polyhedralabs.eu\/?page_id=4355"},"modified":"2024-12-17T12:13:35","modified_gmt":"2024-12-17T12:13:35","slug":"european-climate-pact","status":"publish","type":"page","link":"https:\/\/polyhedralabs.eu\/en\/european-climate-pact\/","title":{"rendered":"European Climate Pact"},"content":{"rendered":"<div data-elementor-type=\"wp-page\" data-elementor-id=\"4355\" class=\"elementor elementor-4355\">\n\t\t\t\t<div class=\"elementor-element elementor-element-1062856 e-flex e-con-boxed lakit-col-width-auto-no e-container e-root-container elementor-top-section e-con e-parent\" data-id=\"1062856\" data-element_type=\"container\" data-settings=\"{&quot;background_background&quot;:&quot;classic&quot;,&quot;background_motion_fx_motion_fx_scrolling&quot;:&quot;yes&quot;,&quot;background_motion_fx_translateY_effect&quot;:&quot;yes&quot;,&quot;background_motion_fx_devices&quot;:[&quot;tablet&quot;,&quot;laptop&quot;,&quot;desktop&quot;],&quot;background_motion_fx_translateY_speed&quot;:{&quot;unit&quot;:&quot;px&quot;,&quot;size&quot;:3,&quot;sizes&quot;:[]},&quot;background_motion_fx_translateY_affectedRange&quot;:{&quot;unit&quot;:&quot;%&quot;,&quot;size&quot;:&quot;&quot;,&quot;sizes&quot;:{&quot;start&quot;:20,&quot;end&quot;:80}}}\">\n\t\t\t\t\t<div class=\"e-con-inner\">\n\t\t\t\t<div class=\"elementor-element elementor-element-46abe3c elementor-widget elementor-widget-heading\" data-id=\"46abe3c\" data-element_type=\"widget\" data-widget_type=\"heading.default\">\n\t\t\t\t<div class=\"elementor-widget-container\">\n\t\t\t\t\t<h1 class=\"elementor-heading-title elementor-size-default\">European Climate Pact\n\n\n\n\n\n\n<\/h1>\t\t\t\t<\/div>\n\t\t\t\t<\/div>\n\t\t\t\t<div class=\"elementor-element elementor-element-05656ca elementor-widget-divider--view-line elementor-widget elementor-widget-divider\" data-id=\"05656ca\" data-element_type=\"widget\" data-widget_type=\"divider.default\">\n\t\t\t\t<div class=\"elementor-widget-container\">\n\t\t\t\t\t\t\t<div class=\"elementor-divider\">\n\t\t\t<span class=\"elementor-divider-separator\">\n\t\t\t\t\t\t<\/span>\n\t\t<\/div>\n\t\t\t\t\t\t<\/div>\n\t\t\t\t<\/div>\n\t\t\t\t<div class=\"elementor-element elementor-element-771bda6 elementor-hidden-desktop elementor-hidden-laptop elementor-hidden-tablet elementor-hidden-mobile_extra elementor-hidden-mobile elementor-widget elementor-widget-text-editor\" data-id=\"771bda6\" data-element_type=\"widget\" data-widget_type=\"text-editor.default\">\n\t\t\t\t<div class=\"elementor-widget-container\">\n\t\t\t\t\t\t\t\t\tMi in nulla posuere sollicitudin aliquam ultrices sagittis orci. Facilisis magna etiam tempor orci. Ac felis donec et odio. At in tellus integer\t\t\t\t\t\t\t\t<\/div>\n\t\t\t\t<\/div>\n\t\t\t\t\t<\/div>\n\t\t\t\t<\/div>\n\t\t<div class=\"elementor-element elementor-element-7a9429e e-flex e-con-boxed lakit-col-width-auto-no e-container e-root-container elementor-top-section e-con e-parent\" data-id=\"7a9429e\" data-element_type=\"container\">\n\t\t\t\t\t<div class=\"e-con-inner\">\n\t\t<div class=\"elementor-element elementor-element-0813d27 e-con-full e-flex lakit-col-width-auto-no e-container e-con e-child\" data-id=\"0813d27\" data-element_type=\"container\">\n\t\t\t\t<div class=\"elementor-element elementor-element-2015dbb elementor-widget elementor-widget-heading\" data-id=\"2015dbb\" data-element_type=\"widget\" data-widget_type=\"heading.default\">\n\t\t\t\t<div class=\"elementor-widget-container\">\n\t\t\t\t\t<h2 class=\"elementor-heading-title elementor-size-default\">European Climate Pact\n\n\n\n\n\n\n<\/h2>\t\t\t\t<\/div>\n\t\t\t\t<\/div>\n\t\t\t\t<div class=\"elementor-element elementor-element-65668f2 elementor-widget elementor-widget-text-editor\" data-id=\"65668f2\" data-element_type=\"widget\" data-widget_type=\"text-editor.default\">\n\t\t\t\t<div class=\"elementor-widget-container\">\n\t\t\t\t\t\t\t\t\t<p>Polyhedra Labs gUG is an NGO promoting regenerative agriculture education it will start a platform dedicated to environmental education. We joined the European Climate Pact to build a more sustainable Europe for us all, a common cause to which we all can contribute.<\/p><p>As an organization we made the following pledges:<\/p><p>\u2013 Planting a tree with various school classes of the area of Berlin and Potsdam (4 events planned for 2022).<br \/>\u2013 Online and physical training about natural ecosystems (at least 4 per year).<br \/>\u2013 Create editorial articles to create a community of practice with highlights on existing local initiatives.<br \/>\u2013 Promote Open-source Educational materials regarding food and food systems.<\/p><p><strong><a href=\"https:\/\/polyhedralabs.eu\/en\/activities\/\">Please check our events page!<\/a><\/strong><\/p><p>Polyhedra Labs gUG is committed to fostering communities to engage in climate action by providing access to educational resources (online and on-site) for sustainable production and consumption.<\/p>\t\t\t\t\t\t\t\t<\/div>\n\t\t\t\t<\/div>\n\t\t\t\t<\/div>\n\t\t\t\t\t<\/div>\n\t\t\t\t<\/div>\n\t\t\t\t<\/div>","protected":false},"excerpt":{"rendered":"<p>Europ\u00e4ischer Klimapakt Europ\u00e4ischer Klimapakt Polyhedra Labs gUG ist eine NGO, die regenerative Landwirtschaftserziehung f\u00f6rdert und eine Plattform f\u00fcr Umweltbildung starten wird. Wir haben dem Europ\u00e4ischen Klimapakt beigetreten, um ein nachhaltigeres Europa f\u00fcr uns alle zu schaffen, eine gemeinsame Sache, zu der wir alle beitragen k\u00f6nnen. Als Organisation haben wir folgende Verpflichtungen&hellip;<\/p>","protected":false},"author":1,"featured_media":0,"parent":0,"menu_order":0,"comment_status":"closed","ping_status":"closed","template":"","meta":{"_acf_changed":false,"give_campaign_id":0,"_bbp_topic_count":0,"_bbp_reply_count":0,"_bbp_total_topic_count":0,"_bbp_total_reply_count":0,"_bbp_voice_count":0,"_bbp_anonymous_reply_count":0,"_bbp_topic_count_hidden":0,"_bbp_reply_count_hidden":0,"_bbp_forum_subforum_count":0,"pmpro_default_level":"","footnotes":""},"class_list":["post-4355","page","type-page","status-publish","hentry","pmpro-has-access"],"acf":[],"campaignId":"","_links":{"self":[{"href":"https:\/\/polyhedralabs.eu\/en\/wp-json\/wp\/v2\/pages\/4355","targetHints":{"allow":["GET"]}}],"collection":[{"href":"https:\/\/polyhedralabs.eu\/en\/wp-json\/wp\/v2\/pages"}],"about":[{"href":"https:\/\/polyhedralabs.eu\/en\/wp-json\/wp\/v2\/types\/page"}],"author":[{"embeddable":true,"href":"https:\/\/polyhedralabs.eu\/en\/wp-json\/wp\/v2\/users\/1"}],"replies":[{"embeddable":true,"href":"https:\/\/polyhedralabs.eu\/en\/wp-json\/wp\/v2\/comments?post=4355"}],"version-history":[{"count":12,"href":"https:\/\/polyhedralabs.eu\/en\/wp-json\/wp\/v2\/pages\/4355\/revisions"}],"predecessor-version":[{"id":4416,"href":"https:\/\/polyhedralabs.eu\/en\/wp-json\/wp\/v2\/pages\/4355\/revisions\/4416"}],"wp:attachment":[{"href":"https:\/\/polyhedralabs.eu\/en\/wp-json\/wp\/v2\/media?parent=4355"}],"curies":[{"name":"wp","href":"https:\/\/api.w.org\/{rel}","templated":true}]}}