{"id":4036,"date":"2024-11-26T14:44:41","date_gmt":"2024-11-26T14:44:41","guid":{"rendered":"https:\/\/polyhedralabs.eu\/?page_id=4036"},"modified":"2025-02-16T11:37:22","modified_gmt":"2025-02-16T11:37:22","slug":"activities","status":"publish","type":"page","link":"https:\/\/polyhedralabs.eu\/en\/activities\/","title":{"rendered":"Events"},"content":{"rendered":"<div data-elementor-type=\"wp-page\" data-elementor-id=\"4036\" class=\"elementor elementor-4036\">\n\t\t\t\t<div class=\"elementor-element elementor-element-1062856 e-flex e-con-boxed lakit-col-width-auto-no e-container e-root-container elementor-top-section e-con e-parent\" data-id=\"1062856\" data-element_type=\"container\" data-settings=\"{&quot;background_background&quot;:&quot;classic&quot;,&quot;background_motion_fx_motion_fx_scrolling&quot;:&quot;yes&quot;,&quot;background_motion_fx_translateY_effect&quot;:&quot;yes&quot;,&quot;background_motion_fx_devices&quot;:[&quot;tablet&quot;,&quot;laptop&quot;,&quot;desktop&quot;],&quot;background_motion_fx_translateY_speed&quot;:{&quot;unit&quot;:&quot;px&quot;,&quot;size&quot;:3,&quot;sizes&quot;:[]},&quot;background_motion_fx_translateY_affectedRange&quot;:{&quot;unit&quot;:&quot;%&quot;,&quot;size&quot;:&quot;&quot;,&quot;sizes&quot;:{&quot;start&quot;:20,&quot;end&quot;:80}}}\">\n\t\t\t\t\t<div class=\"e-con-inner\">\n\t\t\t\t<div class=\"elementor-element elementor-element-46abe3c elementor-widget elementor-widget-heading\" data-id=\"46abe3c\" data-element_type=\"widget\" data-widget_type=\"heading.default\">\n\t\t\t\t<div class=\"elementor-widget-container\">\n\t\t\t\t\t<h1 class=\"elementor-heading-title elementor-size-default\">\nEvents<\/h1>\t\t\t\t<\/div>\n\t\t\t\t<\/div>\n\t\t\t\t<div class=\"elementor-element elementor-element-05656ca elementor-widget-divider--view-line elementor-widget elementor-widget-divider\" data-id=\"05656ca\" data-element_type=\"widget\" data-widget_type=\"divider.default\">\n\t\t\t\t<div class=\"elementor-widget-container\">\n\t\t\t\t\t\t\t<div class=\"elementor-divider\">\n\t\t\t<span class=\"elementor-divider-separator\">\n\t\t\t\t\t\t<\/span>\n\t\t<\/div>\n\t\t\t\t\t\t<\/div>\n\t\t\t\t<\/div>\n\t\t\t\t<div class=\"elementor-element elementor-element-771bda6 elementor-widget elementor-widget-text-editor\" data-id=\"771bda6\" data-element_type=\"widget\" data-widget_type=\"text-editor.default\">\n\t\t\t\t<div class=\"elementor-widget-container\">\n\t\t\t\t\t\t\t\t\t<p>We are passionate about fostering environmental awareness and promoting sustainable practices within our community. Over the past months, we\u2019ve been actively engaged in various events and activities aimed at connecting people with nature and nurturing a deeper appreciation for our surrounding ecosystems. Here\u2019s a glimpse into some of the exciting initiatives we\u2019ve undertaken:<\/p><p>Wir haben auch ein kostenloses Leihprogramm f\u00fcr Werkzeuge und die M\u00f6glichkeit, Ihren eigenen Baum zu pflanzen, wenn Sie etwas bewirken und Ihren CO2-Fu\u00dfabdruck verringern wollen! Werden Sie <a href=\"https:\/\/polyhedralabs.eu\/en\/membership-account\/membership-billing\/\"><strong>Member<\/strong> <\/a>und wir informieren Sie weiter.\u00a0 <\/p>\t\t\t\t\t\t\t\t<\/div>\n\t\t\t\t<\/div>\n\t\t\t\t\t<\/div>\n\t\t\t\t<\/div>\n\t\t<div class=\"elementor-element elementor-element-e71f431 e-flex e-con-boxed lakit-col-width-auto-no e-container e-root-container elementor-top-section e-con e-parent\" data-id=\"e71f431\" data-element_type=\"container\">\n\t\t\t\t\t<div class=\"e-con-inner\">\n\t\t<div class=\"elementor-element elementor-element-f85ea9d e-con-full e-flex lakit-col-width-auto-no e-container e-con e-child\" data-id=\"f85ea9d\" data-element_type=\"container\">\n\t\t\t\t<div class=\"elementor-element elementor-element-6049042 active-object-fit active-object-fit-true lakit-pagination-has-border-yes elementor-widget lastudio-kit elementor-lakit-gposts elementor-lakit-posts\" data-id=\"6049042\" data-element_type=\"widget\" data-widget_type=\"lakit-posts.default\">\n\t\t\t\t\t<div data-lakit_ajax_loadwidget=\"true\" data-widget-id=\"6049042\" data-pagedkey=\"post-page6049042\"><span class=\"lakit-css-loader\"><\/span><\/div>\t\t\t\t<\/div>\n\t\t\t\t<\/div>\n\t\t\t\t\t<\/div>\n\t\t\t\t<\/div>\n\t\t\t\t<\/div>","protected":false},"excerpt":{"rendered":"<p>Veranstaltungen Wir sind leidenschaftlich darum bem\u00fcht, das Umweltbewusstsein zu f\u00f6rdern und nachhaltige Praktiken in unserer Gemeinschaft zu unterst\u00fctzen. In den letzten Monaten waren wir aktiv an verschiedenen Veranstaltungen und Aktivit\u00e4ten beteiligt, die darauf abzielen, Menschen mit der Natur zu verbinden und ein tieferes Verst\u00e4ndnis f\u00fcr unsere umliegenden \u00d6kosysteme zu schaffen. Hier&hellip;<\/p>","protected":false},"author":1,"featured_media":0,"parent":0,"menu_order":0,"comment_status":"closed","ping_status":"closed","template":"","meta":{"_acf_changed":false,"give_campaign_id":0,"_bbp_topic_count":0,"_bbp_reply_count":0,"_bbp_total_topic_count":0,"_bbp_total_reply_count":0,"_bbp_voice_count":0,"_bbp_anonymous_reply_count":0,"_bbp_topic_count_hidden":0,"_bbp_reply_count_hidden":0,"_bbp_forum_subforum_count":0,"pmpro_default_level":"","footnotes":""},"class_list":["post-4036","page","type-page","status-publish","hentry","pmpro-has-access"],"acf":[],"campaignId":"","_links":{"self":[{"href":"https:\/\/polyhedralabs.eu\/en\/wp-json\/wp\/v2\/pages\/4036","targetHints":{"allow":["GET"]}}],"collection":[{"href":"https:\/\/polyhedralabs.eu\/en\/wp-json\/wp\/v2\/pages"}],"about":[{"href":"https:\/\/polyhedralabs.eu\/en\/wp-json\/wp\/v2\/types\/page"}],"author":[{"embeddable":true,"href":"https:\/\/polyhedralabs.eu\/en\/wp-json\/wp\/v2\/users\/1"}],"replies":[{"embeddable":true,"href":"https:\/\/polyhedralabs.eu\/en\/wp-json\/wp\/v2\/comments?post=4036"}],"version-history":[{"count":52,"href":"https:\/\/polyhedralabs.eu\/en\/wp-json\/wp\/v2\/pages\/4036\/revisions"}],"predecessor-version":[{"id":4770,"href":"https:\/\/polyhedralabs.eu\/en\/wp-json\/wp\/v2\/pages\/4036\/revisions\/4770"}],"wp:attachment":[{"href":"https:\/\/polyhedralabs.eu\/en\/wp-json\/wp\/v2\/media?parent=4036"}],"curies":[{"name":"wp","href":"https:\/\/api.w.org\/{rel}","templated":true}]}}