{"id":2610,"date":"2024-02-15T10:01:00","date_gmt":"2024-02-15T10:01:00","guid":{"rendered":"https:\/\/goodheart.sva.la-studioweb.com\/?page_id=2610"},"modified":"2025-03-12T08:52:03","modified_gmt":"2025-03-12T08:52:03","slug":"01-goodheart-charity","status":"publish","type":"page","link":"https:\/\/polyhedralabs.eu\/en\/","title":{"rendered":"Startseite"},"content":{"rendered":"<p>CHARITY &amp; NONPROFIT ORGANIZATION Polyhedra Labs Gesellschaft an der Schnittstelle von Kunst, Wissenschaft und \u00d6kologie: Ausweitung von Ern\u00e4hrung, sicher(er)er Wissenschaft durch Design, Open-Hardware und Basisinnovationen Der Gemeinschaft beitreten Unsere Mission eSMART \u2013 F\u00f6rderung peri-urbaner nachhaltiger Managementl\u00f6sungen durch Kunst, Forschung und TechnologieDein Essen aus der Nachbarschaft! Iss ges\u00fcnder, bleib in Kontakt mit... <\/p>\n<div class=\"pmpro\"><div class=\"pmpro_card pmpro_content_message\"><h2 class=\"pmpro_card_title pmpro_font-large\"><svg xmlns=\"http:\/\/www.w3.org\/2000\/svg\" width=\"24\" height=\"24\" viewbox=\"0 0 24 24\" fill=\"none\" stroke=\"var(--pmpro--color--accent)\" stroke-width=\"2\" stroke-linecap=\"round\" stroke-linejoin=\"round\" class=\"feather feather-lock\"><rect x=\"3\" y=\"11\" width=\"18\" height=\"11\" rx=\"2\" ry=\"2\"><\/rect><path d=\"M7 11V7a5 5 0 0 1 10 0v4\"><\/path><\/svg>Einmal Unterst\u00fctzung Membership Required<\/h2><div class=\"pmpro_card_content\"><p> You must be a Einmal Unterst\u00fctzung member to access this content.<\/p><p><a class=\"pmpro_btn\" href=\"https:\/\/polyhedralabs.eu\/en\/membership-checkout\/?pmpro_level=3\">Join Now<\/a><\/p><\/div><div class=\"pmpro_card_actions pmpro_font-medium\">Already a member? <a href=\"https:\/\/polyhedralabs.eu\/en\/login\/?redirect_to=https%3A%2F%2Fpolyhedralabs.eu%2Fen%2Fpost-format-standard%2F\">Log in here<\/a><\/div><\/div><\/div>","protected":false},"excerpt":{"rendered":"<p>CHARITY &amp; NONPROFIT ORGANIZATION Polyhedra Labs Gesellschaft an der Schnittstelle von Kunst, Wissenschaft und \u00d6kologie: Ausweitung von Ern\u00e4hrung, sicher(er)er Wissenschaft durch Design, Open-Hardware und Basisinnovationen Der Gemeinschaft beitreten Unsere Mission eSMART \u2013 F\u00f6rderung peri-urbaner nachhaltiger Managementl\u00f6sungen durch Kunst, Forschung und Technologie Dein Essen aus der Nachbarschaft! Iss ges\u00fcnder, bleib in Kontakt&#8230;&hellip;... <\/p>\n<div class=\"pmpro\"><div class=\"pmpro_card pmpro_content_message\"><h2 class=\"pmpro_card_title pmpro_font-large\"><svg xmlns=\"http:\/\/www.w3.org\/2000\/svg\" width=\"24\" height=\"24\" viewbox=\"0 0 24 24\" fill=\"none\" stroke=\"var(--pmpro--color--accent)\" stroke-width=\"2\" stroke-linecap=\"round\" stroke-linejoin=\"round\" class=\"feather feather-lock\"><rect x=\"3\" y=\"11\" width=\"18\" height=\"11\" rx=\"2\" ry=\"2\"><\/rect><path d=\"M7 11V7a5 5 0 0 1 10 0v4\"><\/path><\/svg>Einmal Unterst\u00fctzung Membership Required<\/h2><div class=\"pmpro_card_content\"><p> You must be a Einmal Unterst\u00fctzung member to access this content.<\/p><p><a class=\"pmpro_btn\" href=\"https:\/\/polyhedralabs.eu\/en\/membership-checkout\/?pmpro_level=3\">Join Now<\/a><\/p><\/div><div class=\"pmpro_card_actions pmpro_font-medium\">Already a member? <a href=\"https:\/\/polyhedralabs.eu\/en\/login\/?redirect_to=https%3A%2F%2Fpolyhedralabs.eu%2Fen%2Fpost-format-standard%2F\">Log in here<\/a><\/div><\/div><\/div>","protected":false},"author":1,"featured_media":0,"parent":0,"menu_order":0,"comment_status":"closed","ping_status":"closed","template":"","meta":{"_acf_changed":false,"give_campaign_id":0,"_bbp_topic_count":0,"_bbp_reply_count":0,"_bbp_total_topic_count":0,"_bbp_total_reply_count":0,"_bbp_voice_count":0,"_bbp_anonymous_reply_count":0,"_bbp_topic_count_hidden":0,"_bbp_reply_count_hidden":0,"_bbp_forum_subforum_count":0,"pmpro_default_level":"","footnotes":""},"class_list":["post-2610","page","type-page","status-publish","hentry","pmpro-has-access"],"acf":[],"campaignId":"","_links":{"self":[{"href":"https:\/\/polyhedralabs.eu\/en\/wp-json\/wp\/v2\/pages\/2610","targetHints":{"allow":["GET"]}}],"collection":[{"href":"https:\/\/polyhedralabs.eu\/en\/wp-json\/wp\/v2\/pages"}],"about":[{"href":"https:\/\/polyhedralabs.eu\/en\/wp-json\/wp\/v2\/types\/page"}],"author":[{"embeddable":true,"href":"https:\/\/polyhedralabs.eu\/en\/wp-json\/wp\/v2\/users\/1"}],"replies":[{"embeddable":true,"href":"https:\/\/polyhedralabs.eu\/en\/wp-json\/wp\/v2\/comments?post=2610"}],"version-history":[{"count":73,"href":"https:\/\/polyhedralabs.eu\/en\/wp-json\/wp\/v2\/pages\/2610\/revisions"}],"predecessor-version":[{"id":4727,"href":"https:\/\/polyhedralabs.eu\/en\/wp-json\/wp\/v2\/pages\/2610\/revisions\/4727"}],"wp:attachment":[{"href":"https:\/\/polyhedralabs.eu\/en\/wp-json\/wp\/v2\/media?parent=2610"}],"curies":[{"name":"wp","href":"https:\/\/api.w.org\/{rel}","templated":true}]}}