{"id":2265,"date":"2024-02-03T04:34:43","date_gmt":"2024-02-03T04:34:43","guid":{"rendered":"https:\/\/goodheart.sva.la-studioweb.com\/?page_id=2265"},"modified":"2025-03-12T09:31:58","modified_gmt":"2025-03-12T09:31:58","slug":"our-team","status":"publish","type":"page","link":"https:\/\/polyhedralabs.eu\/en\/our-team\/","title":{"rendered":"Our Team"},"content":{"rendered":"<div data-elementor-type=\"wp-page\" data-elementor-id=\"2265\" class=\"elementor elementor-2265\">\n\t\t\t\t<div class=\"elementor-element elementor-element-1062856 e-flex e-con-boxed lakit-col-width-auto-no e-container e-root-container elementor-top-section e-con e-parent\" data-id=\"1062856\" data-element_type=\"container\" data-settings=\"{&quot;background_background&quot;:&quot;classic&quot;,&quot;background_motion_fx_motion_fx_scrolling&quot;:&quot;yes&quot;,&quot;background_motion_fx_translateY_effect&quot;:&quot;yes&quot;,&quot;background_motion_fx_devices&quot;:[&quot;tablet&quot;,&quot;laptop&quot;,&quot;desktop&quot;],&quot;background_motion_fx_translateY_speed&quot;:{&quot;unit&quot;:&quot;px&quot;,&quot;size&quot;:3,&quot;sizes&quot;:[]},&quot;background_motion_fx_translateY_affectedRange&quot;:{&quot;unit&quot;:&quot;%&quot;,&quot;size&quot;:&quot;&quot;,&quot;sizes&quot;:{&quot;start&quot;:20,&quot;end&quot;:80}}}\">\n\t\t\t\t\t<div class=\"e-con-inner\">\n\t\t\t\t<div class=\"elementor-element elementor-element-46abe3c elementor-widget elementor-widget-heading\" data-id=\"46abe3c\" data-element_type=\"widget\" data-widget_type=\"heading.default\">\n\t\t\t\t<div class=\"elementor-widget-container\">\n\t\t\t\t\t<h1 class=\"elementor-heading-title elementor-size-default\">Our Team<\/h1>\t\t\t\t<\/div>\n\t\t\t\t<\/div>\n\t\t\t\t<div class=\"elementor-element elementor-element-05656ca elementor-widget-divider--view-line elementor-widget elementor-widget-divider\" data-id=\"05656ca\" data-element_type=\"widget\" data-widget_type=\"divider.default\">\n\t\t\t\t<div class=\"elementor-widget-container\">\n\t\t\t\t\t\t\t<div class=\"elementor-divider\">\n\t\t\t<span class=\"elementor-divider-separator\">\n\t\t\t\t\t\t<\/span>\n\t\t<\/div>\n\t\t\t\t\t\t<\/div>\n\t\t\t\t<\/div>\n\t\t\t\t<div class=\"elementor-element elementor-element-771bda6 elementor-hidden-desktop elementor-hidden-laptop elementor-hidden-tablet elementor-hidden-mobile_extra elementor-hidden-mobile elementor-widget elementor-widget-text-editor\" data-id=\"771bda6\" data-element_type=\"widget\" data-widget_type=\"text-editor.default\">\n\t\t\t\t<div class=\"elementor-widget-container\">\n\t\t\t\t\t\t\t\t\tMi in nulla posuere sollicitudin aliquam ultrices sagittis orci. Facilisis magna etiam tempor orci. Ac felis donec et odio. At in tellus integer\t\t\t\t\t\t\t\t<\/div>\n\t\t\t\t<\/div>\n\t\t\t\t\t<\/div>\n\t\t\t\t<\/div>\n\t\t<div class=\"elementor-element elementor-element-7a9429e e-flex e-con-boxed lakit-col-width-auto-no e-container e-root-container elementor-top-section e-con e-parent\" data-id=\"7a9429e\" data-element_type=\"container\">\n\t\t\t\t\t<div class=\"e-con-inner\">\n\t\t<div class=\"elementor-element elementor-element-0813d27 e-con-full e-flex lakit-col-width-auto-no e-container e-con e-child\" data-id=\"0813d27\" data-element_type=\"container\">\n\t\t\t\t<div class=\"elementor-element elementor-element-2015dbb elementor-widget elementor-widget-heading\" data-id=\"2015dbb\" data-element_type=\"widget\" data-widget_type=\"heading.default\">\n\t\t\t\t<div class=\"elementor-widget-container\">\n\t\t\t\t\t<h2 class=\"elementor-heading-title elementor-size-default\">Team members\u2019 rationale.<\/h2>\t\t\t\t<\/div>\n\t\t\t\t<\/div>\n\t\t\t\t<div class=\"elementor-element elementor-element-65668f2 elementor-widget elementor-widget-text-editor\" data-id=\"65668f2\" data-element_type=\"widget\" data-widget_type=\"text-editor.default\">\n\t\t\t\t<div class=\"elementor-widget-container\">\n\t\t\t\t\t\t\t\t\t<p>A sustainable plan should include the basic needs of ALL inhabitants, including the focus on ecological quality and growth. Therefore, the relocation plan has to pay attention to the development that takes into account social inclusion, health, climate changes, energy, ecosystem processes, natural resources, etc.<\/p><p>Cities are surrounded by settlements, farmland and nature. In Polyhedra Labs we surround of forward-looking people.<\/p><p><strong>Holger<\/strong> and <strong>Rodrigo<\/strong> haben jeweils mehr als ein Jahrzehnt Erfahrung in der Konzeptualisierung und Realisierung sozial engagierter Projekte, die nun im eSMART-Projekt Gestalt annehmen.<\/p><p><strong>Kasia<\/strong>, eine erfahrene Data Scientist und Bioinformatikerin, arbeitet seit \u00fcber zehn Jahren mit Bio- und Gesundheitsdatens\u00e4tzen, einschlie\u00dflich Big Data. Sie kann sowohl im Team als auch eigenst\u00e4ndig arbeiten, um eine belastbare und nachhaltige Zukunft zu unterst\u00fctzen.<\/p><p>As a team, they are setting up a fertile ground for more inclusive farming accessibility in Berlin \/ Potsdam and their surroundings.<\/p>\t\t\t\t\t\t\t\t<\/div>\n\t\t\t\t<\/div>\n\t\t\t\t<\/div>\n\t\t\t\t\t<\/div>\n\t\t\t\t<\/div>\n\t\t<div class=\"elementor-element elementor-element-716dfa0 e-flex e-con-boxed lakit-col-width-auto-no e-container e-root-container elementor-top-section e-con e-parent\" data-id=\"716dfa0\" data-element_type=\"container\">\n\t\t\t\t\t<div class=\"e-con-inner\">\n\t\t\t\t<div class=\"elementor-element elementor-element-26e138d elementor-align-justify elementor-widget lastudio-kit elementor-lakit-button\" data-id=\"26e138d\" data-element_type=\"widget\" data-widget_type=\"lakit-button.default\">\n\t\t\t\t\t        <a href=\"https:\/\/polyhedralabs.eu\/en\/sign-up\/\" class=\"elementor-button-link elementor-button elementor-btn-align-icon- elementor-size-sm\" role=\"button\">\n                    <span class=\"elementor-button-content-wrapper\">\n\t\t\t\t\t\t<span class=\"elementor-button-text\">Become A Member<\/span>\n\t\t<\/span>\n                <\/a>\n        \t\t\t\t<\/div>\n\t\t\t\t<div class=\"elementor-element elementor-element-2462429 elementor-widget lastudio-kit elementor-lakit-team-member\" data-id=\"2462429\" data-element_type=\"widget\" data-widget_type=\"lakit-team-member.default\">\n\t\t\t\t\t\n<div id=\"tm_2462429\" class=\"lakit-team-member layout-type-grid preset-type-2\">\n        <div class=\"lakit-team-member__list_wrapper\">\n        <div class=\"lakit-team-member__list active-object-fit col-row\" data-item_selector=\".lakit-team-member__item\">\n                                <div class=\"lakit-team-member__item col-desk-3 col-lap-3 col-tab-3 col-tabp-3\">\n                        <div class=\"lakit-team-member__inner-box\">\n                            <div class=\"lakit-team-member__inner\">\n                                <div class=\"lakit-team-member__image_wrap\">\n                                    <div class=\"lakit-team-member__link\"><figure class=\"figure__object_fit lakit-team-member__image\"><img fetchpriority=\"high\" decoding=\"async\" width=\"1024\" height=\"1024\" src=\"https:\/\/polyhedralabs.eu\/wp-content\/uploads\/2024\/11\/holger-meier.1024x1024.jpg\" class=\"lakit-team-member__image-instance wp-post-image attachment-full size-full wp-image-3853\" alt=\"\" \/><\/figure><\/div><div class=\"lakit-team-member__cover\"><div class=\"lakit-team-member__socials\"><div class=\"item--social member-social\"><a href=\"https:\/\/www.facebook.com\/eSMARTspace\" title=\"Facebook\" class=\"social-facebook facebook\"><i class=\"lastudioicon-b-facebook\"><\/i><\/a><a href=\"https:\/\/www.xing.com\/profile\/Holger_Meier8\" title=\"LinkedIn\" class=\"social-linkedin linkedin\"><i class=\"lastudioicon-b-linkedin\"><\/i><\/a><\/div><\/div><\/div>                                <\/div>\n                                <div class=\"lakit-team-member__content\">\n                                        <h3 class=\"lakit-team-member__name\"><div >Holger Meier<\/div><\/h3><div class=\"lakit-team-member__position\"><span>Bioarchitecture and ecology<\/span><\/div><div class=\"lakit-team-member__desc\">He studied Architecture at the University of Applied Sciences of Technology and Economics in Dresden with research stays in Brazil and Hungary. Holger has over 15 years of experience in project management and implementation for public and private clients in Germany and abroad and since 2012 he has his own office. During his career, he focused on environmental project management and implementation planning, execution planning, fire protection, site management for clients in the public sector as well as private (Universities, schools, sports facilities, Office buildings, museum, spa hotel, etc.). He is an experienced user of CAD, VOB, AHO, HOAI among others and speaks five European languages.\n\nHolger is passionate about environmental sustainability and Green buildings (green architecture). Currently, he is specialising in bio-architecture to reduce environmental impact and indoor pollution.<\/div>                                <\/div>\n                            <\/div>\n                        <\/div>\n                    <\/div>\n                                        <div class=\"lakit-team-member__item col-desk-3 col-lap-3 col-tab-3 col-tabp-3\">\n                        <div class=\"lakit-team-member__inner-box\">\n                            <div class=\"lakit-team-member__inner\">\n                                <div class=\"lakit-team-member__image_wrap\">\n                                    <div class=\"lakit-team-member__link\"><figure class=\"figure__object_fit lakit-team-member__image\"><img decoding=\"async\" width=\"299\" height=\"299\" data-src=\"https:\/\/polyhedralabs.eu\/wp-content\/uploads\/2024\/11\/Rodrigo_PerezGarcia.jpg\" class=\"lakit-team-member__image-instance wp-post-image attachment-full size-full wp-image-3854 lazyload\" alt=\"\" src=\"data:image\/svg+xml;base64,PHN2ZyB3aWR0aD0iMSIgaGVpZ2h0PSIxIiB4bWxucz0iaHR0cDovL3d3dy53My5vcmcvMjAwMC9zdmciPjwvc3ZnPg==\" style=\"--smush-placeholder-width: 299px; --smush-placeholder-aspect-ratio: 299\/299;\" \/><\/figure><\/div><div class=\"lakit-team-member__cover\"><div class=\"lakit-team-member__socials\"><div class=\"item--social member-social\"><a href=\"https:\/\/www.facebook.com\/eSMARTspace\" title=\"Facebook\" class=\"social-facebook facebook\"><i class=\"lastudioicon-b-facebook\"><\/i><\/a><a href=\"https:\/\/www.linkedin.com\/in\/rodrigo-perez-garcia-phd\/\" title=\"LinkedIn\" class=\"social-linkedin linkedin\"><i class=\"lastudioicon-b-linkedin\"><\/i><\/a><\/div><\/div><\/div>                                <\/div>\n                                <div class=\"lakit-team-member__content\">\n                                        <h3 class=\"lakit-team-member__name\"><div >Rodrigo Perez<\/div><\/h3><div class=\"lakit-team-member__position\"><span>Localism and healthy nutrition<\/span><\/div><div class=\"lakit-team-member__desc\">He is a chemist interested in tangential points of the arts and science, especially within Nanotechnology &amp; Renewable Energy, Interfacial phenomena, Music, Art and Literature. He holds an Erasmus Mundus Masters in Theoretical Chemistry and Computational Modelling (The Netherlands -and Italy) and a PhD in Chemistry from the TU-Berlin. Throughout his life has conducted research residencies in Bristol (UK), Ispra (Italy) and Kyoto (Japan). After working at the Max Planck Institute for Colloids and Interfaces (Germany), Rodrigo followed his passion to facilitate access to healthier and more sustainable food production. As co-founder of Polyhedra (www.polyhedra.eu) and Polyhedra Labs, Rodrigo coordinates and implements multi-disciplinary projects, catalysing connections between local realities and global cultures.\n\nHe is convinced that a more equitable world is possible. Let\u2019s harvest the power of community movements and grassroots innovation for cities providing a multi-disciplinary approach to the challenges in food, waste and water.<\/div>                                <\/div>\n                            <\/div>\n                        <\/div>\n                    <\/div>\n                                        <div class=\"lakit-team-member__item col-desk-3 col-lap-3 col-tab-3 col-tabp-3\">\n                        <div class=\"lakit-team-member__inner-box\">\n                            <div class=\"lakit-team-member__inner\">\n                                <div class=\"lakit-team-member__image_wrap\">\n                                    <div class=\"lakit-team-member__link\"><figure class=\"figure__object_fit lakit-team-member__image\"><img decoding=\"async\" width=\"500\" height=\"500\" data-src=\"https:\/\/polyhedralabs.eu\/wp-content\/uploads\/2025\/02\/1527775944100_kasia.jpg\" class=\"lakit-team-member__image-instance wp-post-image attachment-full size-full wp-image-4698 lazyload\" alt=\"Kasia Ziolkowska photo\" data-srcset=\"https:\/\/polyhedralabs.eu\/wp-content\/uploads\/2025\/02\/1527775944100_kasia.jpg 500w, https:\/\/polyhedralabs.eu\/wp-content\/uploads\/2025\/02\/1527775944100_kasia-12x12.jpg 12w\" data-sizes=\"(max-width: 500px) 100vw, 500px\" src=\"data:image\/svg+xml;base64,PHN2ZyB3aWR0aD0iMSIgaGVpZ2h0PSIxIiB4bWxucz0iaHR0cDovL3d3dy53My5vcmcvMjAwMC9zdmciPjwvc3ZnPg==\" style=\"--smush-placeholder-width: 500px; --smush-placeholder-aspect-ratio: 500\/500;\" \/><\/figure><\/div><div class=\"lakit-team-member__cover\"><div class=\"lakit-team-member__socials\"><div class=\"item--social member-social\"><a href=\"https:\/\/www.facebook.com\/eSMARTspace\" title=\"Facebook\" class=\"social-facebook facebook\"><i class=\"lastudioicon-b-facebook\"><\/i><\/a><a href=\"https:\/\/www.linkedin.com\/in\/kasia-ziolkowska\/\" title=\"LinkedIn\" class=\"social-linkedin linkedin\"><i class=\"lastudioicon-b-linkedin\"><\/i><\/a><\/div><\/div><\/div>                                <\/div>\n                                <div class=\"lakit-team-member__content\">\n                                        <h3 class=\"lakit-team-member__name\"><div >Kasia Ziolkowska<\/div><\/h3><div class=\"lakit-team-member__position\"><span>Volunteer for data analytics and AI<\/span><\/div><div class=\"lakit-team-member__desc\">Data Scientist und Bioinformatiker mit mehr als zehn Jahren Erfahrung in der Arbeit mit Bio-\/Gesundheitsdatens\u00e4tzen, einschlie\u00dflich Big Data Ich interessiere mich f\u00fcr neue Technologien, Digitalisierung und Nachhaltigkeit. Ihre Expertise im maschinellen Lernen umfasst Zeitreihen- und Netzwerkanalyse, Clustering sowie die Aufbereitung und Visualisierung der Daten. Im Laufe ihrer Karriere erwarb sie starke Kommunikationsf\u00e4higkeiten, interkulturelle Erfahrung und lernte, mit Fristen zu arbeiten. Ich kann sowohl im Team als auch eigenst\u00e4ndig arbeiten, um eine belastbare Zukunft zu unterst\u00fctzen.<\/div>                                <\/div>\n                            <\/div>\n                        <\/div>\n                    <\/div>\n                            <\/div>\n    <\/div>\n    <\/div>\t\t\t\t<\/div>\n\t\t\t\t\t<\/div>\n\t\t\t\t<\/div>\n\t\t\t\t<\/div>","protected":false},"excerpt":{"rendered":"<p>Unser Team Begr\u00fcndung der Teammitglieder Ein nachhaltiger Plan sollte die Grundbed\u00fcrfnisse ALLER Bewohner einschlie\u00dfen, mit einem Fokus auf \u00f6kologische Qualit\u00e4t und Wachstum. Daher muss der Umsiedlungsplan die Entwicklung ber\u00fccksichtigen, die soziale Inklusion, Gesundheit, Klimawandel, Energie, \u00d6kosystemprozesse, nat\u00fcrliche Ressourcen usw. einbezieht. St\u00e4dte sind von Siedlungen, Ackerland und Natur umgeben. Bei Polyhedra Labs&hellip;<\/p>","protected":false},"author":1,"featured_media":0,"parent":0,"menu_order":0,"comment_status":"closed","ping_status":"closed","template":"","meta":{"_acf_changed":false,"give_campaign_id":0,"_bbp_topic_count":0,"_bbp_reply_count":0,"_bbp_total_topic_count":0,"_bbp_total_reply_count":0,"_bbp_voice_count":0,"_bbp_anonymous_reply_count":0,"_bbp_topic_count_hidden":0,"_bbp_reply_count_hidden":0,"_bbp_forum_subforum_count":0,"pmpro_default_level":"","footnotes":""},"class_list":["post-2265","page","type-page","status-publish","hentry","pmpro-has-access"],"acf":[],"campaignId":"","_links":{"self":[{"href":"https:\/\/polyhedralabs.eu\/en\/wp-json\/wp\/v2\/pages\/2265","targetHints":{"allow":["GET"]}}],"collection":[{"href":"https:\/\/polyhedralabs.eu\/en\/wp-json\/wp\/v2\/pages"}],"about":[{"href":"https:\/\/polyhedralabs.eu\/en\/wp-json\/wp\/v2\/types\/page"}],"author":[{"embeddable":true,"href":"https:\/\/polyhedralabs.eu\/en\/wp-json\/wp\/v2\/users\/1"}],"replies":[{"embeddable":true,"href":"https:\/\/polyhedralabs.eu\/en\/wp-json\/wp\/v2\/comments?post=2265"}],"version-history":[{"count":39,"href":"https:\/\/polyhedralabs.eu\/en\/wp-json\/wp\/v2\/pages\/2265\/revisions"}],"predecessor-version":[{"id":4752,"href":"https:\/\/polyhedralabs.eu\/en\/wp-json\/wp\/v2\/pages\/2265\/revisions\/4752"}],"wp:attachment":[{"href":"https:\/\/polyhedralabs.eu\/en\/wp-json\/wp\/v2\/media?parent=2265"}],"curies":[{"name":"wp","href":"https:\/\/api.w.org\/{rel}","templated":true}]}}